{"id":3424,"date":"2023-06-13T09:23:05","date_gmt":"2023-06-13T07:23:05","guid":{"rendered":"https:\/\/www.lukac.legal\/faq\/"},"modified":"2024-08-21T12:26:22","modified_gmt":"2024-08-21T10:26:22","slug":"faq","status":"publish","type":"page","link":"https:\/\/lukac.legal\/en\/faq\/","title":{"rendered":"FAQ"},"content":{"rendered":"\t\t<div data-elementor-type=\"wp-page\" data-elementor-id=\"3424\" class=\"elementor elementor-3424 elementor-485\">\n\t\t\t\t\t\t<section class=\"elementor-section elementor-top-section elementor-element elementor-element-db9f208 elementor-section-boxed elementor-section-height-default elementor-section-height-default elementor-invisible\" data-id=\"db9f208\" data-element_type=\"section\" data-settings=\"{&quot;background_background&quot;:&quot;classic&quot;,&quot;animation&quot;:&quot;fadeIn&quot;,&quot;wdt_bg_image&quot;:{&quot;url&quot;:&quot;&quot;,&quot;id&quot;:&quot;&quot;,&quot;size&quot;:&quot;&quot;},&quot;wdt_bg_image_laptop&quot;:{&quot;url&quot;:&quot;&quot;,&quot;id&quot;:&quot;&quot;,&quot;size&quot;:&quot;&quot;},&quot;wdt_bg_image_tablet_extra&quot;:{&quot;url&quot;:&quot;&quot;,&quot;id&quot;:&quot;&quot;,&quot;size&quot;:&quot;&quot;},&quot;wdt_bg_image_tablet&quot;:{&quot;url&quot;:&quot;&quot;,&quot;id&quot;:&quot;&quot;,&quot;size&quot;:&quot;&quot;},&quot;wdt_bg_image_mobile_extra&quot;:{&quot;url&quot;:&quot;&quot;,&quot;id&quot;:&quot;&quot;,&quot;size&quot;:&quot;&quot;},&quot;wdt_bg_image_mobile&quot;:{&quot;url&quot;:&quot;&quot;,&quot;id&quot;:&quot;&quot;,&quot;size&quot;:&quot;&quot;},&quot;wdt_bg_position&quot;:&quot;center center&quot;,&quot;wdt_animation_effect&quot;:&quot;none&quot;}\">\n\t\t\t\t\t\t\t<div class=\"elementor-background-overlay\"><\/div>\n\t\t\t\t\t\t\t<div class=\"elementor-container elementor-column-gap-no\">\n\t\t\t\t\t<div class=\"elementor-column elementor-col-33 elementor-top-column elementor-element elementor-element-06180c5\" data-id=\"06180c5\" data-element_type=\"column\">\n\t\t\t<div class=\"elementor-widget-wrap\">\n\t\t\t\t\t\t\t<\/div>\n\t\t<\/div>\n\t\t\t\t<div class=\"elementor-column elementor-col-33 elementor-top-column elementor-element elementor-element-9585d89\" data-id=\"9585d89\" data-element_type=\"column\">\n\t\t\t<div class=\"elementor-widget-wrap elementor-element-populated\">\n\t\t\t\t\t\t<div class=\"elementor-element elementor-element-e324d6e elementor-widget__width-inherit elementor-invisible elementor-widget elementor-widget-wdt-heading\" data-id=\"e324d6e\" data-element_type=\"widget\" data-settings=\"{&quot;split_heading&quot;:&quot;true&quot;,&quot;wdt_enable_inview_status&quot;:&quot;true&quot;,&quot;_animation&quot;:&quot;fadeInDown&quot;,&quot;wdt_animation_effect&quot;:&quot;none&quot;}\" data-widget_type=\"wdt-heading.default\">\n\t\t\t\t<div class=\"elementor-widget-container\">\n\t\t\t\t\t<div class=\"wdt-heading-holder \" id=\"wdt-heading-e324d6e\"><div class=\"wdt-heading-subtitle-wrapper wdt-heading-align- \"><span class=\"wdt-heading-subtitle\">Faq<\/span><\/div><h2 class=\"wdt-heading-title-wrapper wdt-heading-align- wdt-heading-deco-wrapper\"><span class=\"wdt-heading-title\">Frequently asked question (FAQ)<\/span><\/h2><\/div>\t\t\t\t<\/div>\n\t\t\t\t<\/div>\n\t\t\t\t<div class=\"elementor-element elementor-element-1129f8c wdt-home-custom-faq wdt-faq-border style-2 elementor-invisible elementor-widget elementor-widget-wdt-accordion-and-toggle\" data-id=\"1129f8c\" data-element_type=\"widget\" data-settings=\"{&quot;_animation&quot;:&quot;fadeInUp&quot;,&quot;_animation_delay&quot;:200,&quot;wdt_animation_effect&quot;:&quot;none&quot;}\" data-widget_type=\"wdt-accordion-and-toggle.default\">\n\t\t\t\t<div class=\"elementor-widget-container\">\n\t\t\t\t\t<div class=\"wdt-accordion-toggle-holder wdt-module-accordion wdt-template-default wdt-expand-collapse-position-end\" id=\"wdt-accordion-and-toggle-1129f8c\"><div class=\"wdt-accordion-toggle-wrapper\"><div class=\"wdt-accordion-toggle-title-holder\"><div class=\"wdt-accordion-toggle-title\"><div class=\"wdt-accordion-toggle-title-prefix number\">1<\/div>How can I arrange a consultation?<\/div><div class=\"wdt-accordion-toggle-icon\"><div class=\"wdt-accordion-toggle-icon-expand\"><\/div><div class=\"wdt-accordion-toggle-icon-collapse\"><\/div><\/div><\/div><div class=\"wdt-accordion-toggle-description\">You can arrange a consultation easily through our online form on the website, by phone or by e-mail. Our staff will then contact you to arrange a suitable date and provide additional information necessary for the consultation.<\/div><\/div><div class=\"wdt-accordion-toggle-wrapper\"><div class=\"wdt-accordion-toggle-title-holder\"><div class=\"wdt-accordion-toggle-title\"><div class=\"wdt-accordion-toggle-title-prefix number\">2<\/div>How does the first consultation take place and what should I prepare?<\/div><div class=\"wdt-accordion-toggle-icon\"><div class=\"wdt-accordion-toggle-icon-expand\"><\/div><div class=\"wdt-accordion-toggle-icon-collapse\"><\/div><\/div><\/div><div class=\"wdt-accordion-toggle-description\">During the first consultation, we will get to know your case and find out the basic information needed to assess your situation. We recommend that you bring any relevant documents that relate to your case, such as contracts, correspondence or court decisions. The first consultation will allow us to determine the next steps and estimate the expected costs of solving your case.<\/div><\/div><div class=\"wdt-accordion-toggle-wrapper\"><div class=\"wdt-accordion-toggle-title-holder\"><div class=\"wdt-accordion-toggle-title\"><div class=\"wdt-accordion-toggle-title-prefix number\">3<\/div>What are your prices for legal services?<\/div><div class=\"wdt-accordion-toggle-icon\"><div class=\"wdt-accordion-toggle-icon-expand\"><\/div><div class=\"wdt-accordion-toggle-icon-collapse\"><\/div><\/div><\/div><div class=\"wdt-accordion-toggle-description\">Prices for our legal services vary depending on the type and complexity of the case. We offer transparent and flexible pricing models including hourly rate, flat fee or commission based on success. After the initial consultation, we will provide you with a detailed price estimate based on the specific circumstances of your case. Our goal is to provide quality legal services at a fair price.<\/div><\/div><div class=\"wdt-accordion-toggle-wrapper\"><div class=\"wdt-accordion-toggle-title-holder\"><div class=\"wdt-accordion-toggle-title\"><div class=\"wdt-accordion-toggle-title-prefix number\">4<\/div>How long does it take to process a legal case?<\/div><div class=\"wdt-accordion-toggle-icon\"><div class=\"wdt-accordion-toggle-icon-expand\"><\/div><div class=\"wdt-accordion-toggle-icon-collapse\"><\/div><\/div><\/div><div class=\"wdt-accordion-toggle-description\">The length of processing a legal case depends on its complexity and specific circumstances. Simple legal acts, such as drafting a contract, can take only a few days, while more complex cases, such as litigation, can take months or years. During your initial consultation, we will provide you with an estimated time frame based on information about your case.<\/div><\/div><\/div>\t\t\t\t<\/div>\n\t\t\t\t<\/div>\n\t\t\t\t<section class=\"elementor-section elementor-inner-section elementor-element elementor-element-7751650 elementor-section-full_width elementor-section-content-middle elementor-section-height-default elementor-section-height-default elementor-invisible\" data-id=\"7751650\" data-element_type=\"section\" data-settings=\"{&quot;background_background&quot;:&quot;classic&quot;,&quot;animation&quot;:&quot;fadeInUp&quot;,&quot;animation_delay&quot;:100,&quot;wdt_bg_image&quot;:{&quot;url&quot;:&quot;&quot;,&quot;id&quot;:&quot;&quot;,&quot;size&quot;:&quot;&quot;},&quot;wdt_bg_image_laptop&quot;:{&quot;url&quot;:&quot;&quot;,&quot;id&quot;:&quot;&quot;,&quot;size&quot;:&quot;&quot;},&quot;wdt_bg_image_tablet_extra&quot;:{&quot;url&quot;:&quot;&quot;,&quot;id&quot;:&quot;&quot;,&quot;size&quot;:&quot;&quot;},&quot;wdt_bg_image_tablet&quot;:{&quot;url&quot;:&quot;&quot;,&quot;id&quot;:&quot;&quot;,&quot;size&quot;:&quot;&quot;},&quot;wdt_bg_image_mobile_extra&quot;:{&quot;url&quot;:&quot;&quot;,&quot;id&quot;:&quot;&quot;,&quot;size&quot;:&quot;&quot;},&quot;wdt_bg_image_mobile&quot;:{&quot;url&quot;:&quot;&quot;,&quot;id&quot;:&quot;&quot;,&quot;size&quot;:&quot;&quot;},&quot;wdt_bg_position&quot;:&quot;center center&quot;,&quot;wdt_animation_effect&quot;:&quot;none&quot;}\">\n\t\t\t\t\t\t<div class=\"elementor-container elementor-column-gap-no\">\n\t\t\t\t\t<div class=\"elementor-column elementor-col-50 elementor-inner-column elementor-element elementor-element-399b44b\" data-id=\"399b44b\" data-element_type=\"column\">\n\t\t\t<div class=\"elementor-widget-wrap elementor-element-populated\">\n\t\t\t\t\t\t<div class=\"elementor-element elementor-element-979141b elementor-widget elementor-widget-wdt-heading\" data-id=\"979141b\" data-element_type=\"widget\" data-settings=\"{&quot;wdt_animation_effect&quot;:&quot;none&quot;}\" data-widget_type=\"wdt-heading.default\">\n\t\t\t\t<div class=\"elementor-widget-container\">\n\t\t\t\t\t<div class=\"wdt-heading-holder \" id=\"wdt-heading-979141b\"><h5 class=\"wdt-heading-title-wrapper wdt-heading-align- wdt-heading-deco-wrapper\"><span class=\"wdt-heading-title\">Did you not find the answer to your question?<\/span><\/h5><div class=\"wdt-heading-content-wrapper\">Write to us or call us. We will be happy to answer your questions.<\/div><\/div>\t\t\t\t<\/div>\n\t\t\t\t<\/div>\n\t\t\t\t\t<\/div>\n\t\t<\/div>\n\t\t\t\t<div class=\"elementor-column elementor-col-50 elementor-inner-column elementor-element elementor-element-8fdc5c4\" data-id=\"8fdc5c4\" data-element_type=\"column\">\n\t\t\t<div class=\"elementor-widget-wrap elementor-element-populated\">\n\t\t\t\t\t\t<div class=\"elementor-element elementor-element-2bb4ee6 wdt-dark-btn-bg-style elementor-widget-tablet_extra__width-inherit elementor-invisible elementor-widget elementor-widget-wdt-button\" data-id=\"2bb4ee6\" data-element_type=\"widget\" data-settings=\"{&quot;_animation&quot;:&quot;fadeInRight&quot;,&quot;_animation_delay&quot;:300,&quot;wdt_animation_effect&quot;:&quot;none&quot;}\" data-widget_type=\"wdt-button.default\">\n\t\t\t\t<div class=\"elementor-widget-container\">\n\t\t\t\t\t<div class=\"wdt-button-holder wdt-template-textual wdt-button-link wdt-button-style-default wdt-button-size-nm wdt-animation- wdt-button-icon-after\" id=\"wdt-button-2bb4ee6\"><a class=\"wdt-button\" href=\"https:\/\/lukac.legal\/en\/contact\"><div class=\"wdt-button-text\"><span>Contact us<\/span><\/div><div class=\"wdt-button-icon\"><span><i><\/i><\/span><\/div><\/a><\/div>\t\t\t\t<\/div>\n\t\t\t\t<\/div>\n\t\t\t\t\t<\/div>\n\t\t<\/div>\n\t\t\t\t\t<\/div>\n\t\t<\/section>\n\t\t\t\t\t<\/div>\n\t\t<\/div>\n\t\t\t\t<div class=\"elementor-column elementor-col-33 elementor-top-column elementor-element elementor-element-091a742\" data-id=\"091a742\" data-element_type=\"column\">\n\t\t\t<div class=\"elementor-widget-wrap\">\n\t\t\t\t\t\t\t<\/div>\n\t\t<\/div>\n\t\t\t\t\t<\/div>\n\t\t<\/section>\n\t\t\t\t<\/div>\n\t\t","protected":false},"excerpt":{"rendered":"<p>Faq Frequently asked question (FAQ) 1How can I arrange a consultation?You can arrange a consultation easily through our online form on the website, by phone or by e-mail. Our staff will then contact you to arrange a suitable date and provide additional information necessary for the consultation.2How does the first consultation take place and what [&hellip;]<\/p>\n","protected":false},"author":2,"featured_media":0,"parent":0,"menu_order":0,"comment_status":"closed","ping_status":"closed","template":"elementor_header_footer","meta":{"footnotes":""},"class_list":["post-3424","page","type-page","status-publish","hentry"],"yoast_head":"<!-- This site is optimized with the Yoast SEO plugin v23.2 - https:\/\/yoast.com\/wordpress\/plugins\/seo\/ -->\n<title>FAQ - LUKAC LL LEGAL s.r.o.<\/title>\n<meta name=\"description\" content=\"Inovat\u00edvne pr\u00e1vne poradenstvo pon\u00faka modern\u00fd pr\u00edstup k rie\u0161eniu pr\u00e1vnych ot\u00e1zok. Na\u0161e slu\u017eby kombinuj\u00fa \u0161pi\u010dkov\u00e9 pr\u00e1vne znalosti s najnov\u0161\u00edmi technol\u00f3giami, \u010d\u00edm zabezpe\u010dujeme r\u00fdchle, efekt\u00edvne a klientsky orientovan\u00e9 rie\u0161enia. Sme tu na to, aby sme v\u00e1m pomohli navigova\u0165 zlo\u017eitos\u0165ou pr\u00e1va s d\u00f4razom na inov\u00e1cie a praktick\u00e9 v\u00fdsledky.\" \/>\n<meta name=\"robots\" content=\"index, follow, max-snippet:-1, max-image-preview:large, max-video-preview:-1\" \/>\n<link rel=\"canonical\" href=\"https:\/\/lukac.legal\/en\/faq\/\" \/>\n<meta property=\"og:locale\" content=\"en_US\" \/>\n<meta property=\"og:type\" content=\"article\" \/>\n<meta property=\"og:title\" content=\"FAQ - LUKAC LL LEGAL s.r.o.\" \/>\n<meta property=\"og:description\" content=\"Inovat\u00edvne pr\u00e1vne poradenstvo pon\u00faka modern\u00fd pr\u00edstup k rie\u0161eniu pr\u00e1vnych ot\u00e1zok. Na\u0161e slu\u017eby kombinuj\u00fa \u0161pi\u010dkov\u00e9 pr\u00e1vne znalosti s najnov\u0161\u00edmi technol\u00f3giami, \u010d\u00edm zabezpe\u010dujeme r\u00fdchle, efekt\u00edvne a klientsky orientovan\u00e9 rie\u0161enia. Sme tu na to, aby sme v\u00e1m pomohli navigova\u0165 zlo\u017eitos\u0165ou pr\u00e1va s d\u00f4razom na inov\u00e1cie a praktick\u00e9 v\u00fdsledky.\" \/>\n<meta property=\"og:url\" content=\"https:\/\/lukac.legal\/en\/faq\/\" \/>\n<meta property=\"og:site_name\" content=\"LUKAC LL LEGAL s.r.o.\" \/>\n<meta property=\"article:modified_time\" content=\"2024-08-21T10:26:22+00:00\" \/>\n<meta property=\"og:image\" content=\"https:\/\/lukac.legal\/wp-content\/uploads\/2024\/07\/obr-8.png\" \/>\n\t<meta property=\"og:image:width\" content=\"700\" \/>\n\t<meta property=\"og:image:height\" content=\"336\" \/>\n\t<meta property=\"og:image:type\" content=\"image\/png\" \/>\n<meta name=\"twitter:card\" content=\"summary_large_image\" \/>\n<meta name=\"twitter:label1\" content=\"Est. reading time\" \/>\n\t<meta name=\"twitter:data1\" content=\"2 minutes\" \/>\n<script type=\"application\/ld+json\" class=\"yoast-schema-graph\">{\"@context\":\"https:\/\/schema.org\",\"@graph\":[{\"@type\":\"WebPage\",\"@id\":\"https:\/\/lukac.legal\/en\/faq\/\",\"url\":\"https:\/\/lukac.legal\/en\/faq\/\",\"name\":\"FAQ - LUKAC LL LEGAL s.r.o.\",\"isPartOf\":{\"@id\":\"https:\/\/lukac.legal\/en\/#website\"},\"datePublished\":\"2023-06-13T07:23:05+00:00\",\"dateModified\":\"2024-08-21T10:26:22+00:00\",\"description\":\"Inovat\u00edvne pr\u00e1vne poradenstvo pon\u00faka modern\u00fd pr\u00edstup k rie\u0161eniu pr\u00e1vnych ot\u00e1zok. Na\u0161e slu\u017eby kombinuj\u00fa \u0161pi\u010dkov\u00e9 pr\u00e1vne znalosti s najnov\u0161\u00edmi technol\u00f3giami, \u010d\u00edm zabezpe\u010dujeme r\u00fdchle, efekt\u00edvne a klientsky orientovan\u00e9 rie\u0161enia. Sme tu na to, aby sme v\u00e1m pomohli navigova\u0165 zlo\u017eitos\u0165ou pr\u00e1va s d\u00f4razom na inov\u00e1cie a praktick\u00e9 v\u00fdsledky.\",\"breadcrumb\":{\"@id\":\"https:\/\/lukac.legal\/en\/faq\/#breadcrumb\"},\"inLanguage\":\"en-US\",\"potentialAction\":[{\"@type\":\"ReadAction\",\"target\":[\"https:\/\/lukac.legal\/en\/faq\/\"]}]},{\"@type\":\"BreadcrumbList\",\"@id\":\"https:\/\/lukac.legal\/en\/faq\/#breadcrumb\",\"itemListElement\":[{\"@type\":\"ListItem\",\"position\":1,\"name\":\"Domovsk\u00e1 str\u00e1nka\",\"item\":\"https:\/\/lukac.legal\/en\/\"},{\"@type\":\"ListItem\",\"position\":2,\"name\":\"FAQ\"}]},{\"@type\":\"WebSite\",\"@id\":\"https:\/\/lukac.legal\/en\/#website\",\"url\":\"https:\/\/lukac.legal\/en\/\",\"name\":\"lukac.legal\",\"description\":\"Advok\u00e1tska kancel\u00e1ria poskytuj\u00faca pr\u00e1vnick\u00e9 slu\u017eby pre klientov v r\u00f4znych oblastiach pr\u00e1va.\",\"publisher\":{\"@id\":\"https:\/\/lukac.legal\/en\/#organization\"},\"alternateName\":\"LUKAC | LL | LEGAL, s.r.o.\",\"potentialAction\":[{\"@type\":\"SearchAction\",\"target\":{\"@type\":\"EntryPoint\",\"urlTemplate\":\"https:\/\/lukac.legal\/en\/?s={search_term_string}\"},\"query-input\":\"required name=search_term_string\"}],\"inLanguage\":\"en-US\"},{\"@type\":\"Organization\",\"@id\":\"https:\/\/lukac.legal\/en\/#organization\",\"name\":\"LUKAC | LL | LEGAL, s.r.o.\",\"url\":\"https:\/\/lukac.legal\/en\/\",\"logo\":{\"@type\":\"ImageObject\",\"inLanguage\":\"en-US\",\"@id\":\"https:\/\/lukac.legal\/en\/#\/schema\/logo\/image\/\",\"url\":\"https:\/\/lukac.legal\/wp-content\/uploads\/2023\/08\/zlate-logo.png\",\"contentUrl\":\"https:\/\/lukac.legal\/wp-content\/uploads\/2023\/08\/zlate-logo.png\",\"width\":1975,\"height\":267,\"caption\":\"LUKAC | LL | LEGAL, s.r.o.\"},\"image\":{\"@id\":\"https:\/\/lukac.legal\/en\/#\/schema\/logo\/image\/\"},\"sameAs\":[\"http:\/\/www.linkedin.com\/in\/martin-lukac-attorney\"]}]}<\/script>\n<!-- \/ Yoast SEO plugin. -->","yoast_head_json":{"title":"FAQ - LUKAC LL LEGAL s.r.o.","description":"Inovat\u00edvne pr\u00e1vne poradenstvo pon\u00faka modern\u00fd pr\u00edstup k rie\u0161eniu pr\u00e1vnych ot\u00e1zok. Na\u0161e slu\u017eby kombinuj\u00fa \u0161pi\u010dkov\u00e9 pr\u00e1vne znalosti s najnov\u0161\u00edmi technol\u00f3giami, \u010d\u00edm zabezpe\u010dujeme r\u00fdchle, efekt\u00edvne a klientsky orientovan\u00e9 rie\u0161enia. Sme tu na to, aby sme v\u00e1m pomohli navigova\u0165 zlo\u017eitos\u0165ou pr\u00e1va s d\u00f4razom na inov\u00e1cie a praktick\u00e9 v\u00fdsledky.","robots":{"index":"index","follow":"follow","max-snippet":"max-snippet:-1","max-image-preview":"max-image-preview:large","max-video-preview":"max-video-preview:-1"},"canonical":"https:\/\/lukac.legal\/en\/faq\/","og_locale":"en_US","og_type":"article","og_title":"FAQ - LUKAC LL LEGAL s.r.o.","og_description":"Inovat\u00edvne pr\u00e1vne poradenstvo pon\u00faka modern\u00fd pr\u00edstup k rie\u0161eniu pr\u00e1vnych ot\u00e1zok. Na\u0161e slu\u017eby kombinuj\u00fa \u0161pi\u010dkov\u00e9 pr\u00e1vne znalosti s najnov\u0161\u00edmi technol\u00f3giami, \u010d\u00edm zabezpe\u010dujeme r\u00fdchle, efekt\u00edvne a klientsky orientovan\u00e9 rie\u0161enia. Sme tu na to, aby sme v\u00e1m pomohli navigova\u0165 zlo\u017eitos\u0165ou pr\u00e1va s d\u00f4razom na inov\u00e1cie a praktick\u00e9 v\u00fdsledky.","og_url":"https:\/\/lukac.legal\/en\/faq\/","og_site_name":"LUKAC LL LEGAL s.r.o.","article_modified_time":"2024-08-21T10:26:22+00:00","og_image":[{"width":700,"height":336,"url":"https:\/\/lukac.legal\/wp-content\/uploads\/2024\/07\/obr-8.png","type":"image\/png"}],"twitter_card":"summary_large_image","twitter_misc":{"Est. reading time":"2 minutes"},"schema":{"@context":"https:\/\/schema.org","@graph":[{"@type":"WebPage","@id":"https:\/\/lukac.legal\/en\/faq\/","url":"https:\/\/lukac.legal\/en\/faq\/","name":"FAQ - LUKAC LL LEGAL s.r.o.","isPartOf":{"@id":"https:\/\/lukac.legal\/en\/#website"},"datePublished":"2023-06-13T07:23:05+00:00","dateModified":"2024-08-21T10:26:22+00:00","description":"Inovat\u00edvne pr\u00e1vne poradenstvo pon\u00faka modern\u00fd pr\u00edstup k rie\u0161eniu pr\u00e1vnych ot\u00e1zok. Na\u0161e slu\u017eby kombinuj\u00fa \u0161pi\u010dkov\u00e9 pr\u00e1vne znalosti s najnov\u0161\u00edmi technol\u00f3giami, \u010d\u00edm zabezpe\u010dujeme r\u00fdchle, efekt\u00edvne a klientsky orientovan\u00e9 rie\u0161enia. Sme tu na to, aby sme v\u00e1m pomohli navigova\u0165 zlo\u017eitos\u0165ou pr\u00e1va s d\u00f4razom na inov\u00e1cie a praktick\u00e9 v\u00fdsledky.","breadcrumb":{"@id":"https:\/\/lukac.legal\/en\/faq\/#breadcrumb"},"inLanguage":"en-US","potentialAction":[{"@type":"ReadAction","target":["https:\/\/lukac.legal\/en\/faq\/"]}]},{"@type":"BreadcrumbList","@id":"https:\/\/lukac.legal\/en\/faq\/#breadcrumb","itemListElement":[{"@type":"ListItem","position":1,"name":"Domovsk\u00e1 str\u00e1nka","item":"https:\/\/lukac.legal\/en\/"},{"@type":"ListItem","position":2,"name":"FAQ"}]},{"@type":"WebSite","@id":"https:\/\/lukac.legal\/en\/#website","url":"https:\/\/lukac.legal\/en\/","name":"lukac.legal","description":"Advok\u00e1tska kancel\u00e1ria poskytuj\u00faca pr\u00e1vnick\u00e9 slu\u017eby pre klientov v r\u00f4znych oblastiach pr\u00e1va.","publisher":{"@id":"https:\/\/lukac.legal\/en\/#organization"},"alternateName":"LUKAC | LL | LEGAL, s.r.o.","potentialAction":[{"@type":"SearchAction","target":{"@type":"EntryPoint","urlTemplate":"https:\/\/lukac.legal\/en\/?s={search_term_string}"},"query-input":"required name=search_term_string"}],"inLanguage":"en-US"},{"@type":"Organization","@id":"https:\/\/lukac.legal\/en\/#organization","name":"LUKAC | LL | LEGAL, s.r.o.","url":"https:\/\/lukac.legal\/en\/","logo":{"@type":"ImageObject","inLanguage":"en-US","@id":"https:\/\/lukac.legal\/en\/#\/schema\/logo\/image\/","url":"https:\/\/lukac.legal\/wp-content\/uploads\/2023\/08\/zlate-logo.png","contentUrl":"https:\/\/lukac.legal\/wp-content\/uploads\/2023\/08\/zlate-logo.png","width":1975,"height":267,"caption":"LUKAC | LL | LEGAL, s.r.o."},"image":{"@id":"https:\/\/lukac.legal\/en\/#\/schema\/logo\/image\/"},"sameAs":["http:\/\/www.linkedin.com\/in\/martin-lukac-attorney"]}]}},"_links":{"self":[{"href":"https:\/\/lukac.legal\/en\/wp-json\/wp\/v2\/pages\/3424","targetHints":{"allow":["GET"]}}],"collection":[{"href":"https:\/\/lukac.legal\/en\/wp-json\/wp\/v2\/pages"}],"about":[{"href":"https:\/\/lukac.legal\/en\/wp-json\/wp\/v2\/types\/page"}],"author":[{"embeddable":true,"href":"https:\/\/lukac.legal\/en\/wp-json\/wp\/v2\/users\/2"}],"replies":[{"embeddable":true,"href":"https:\/\/lukac.legal\/en\/wp-json\/wp\/v2\/comments?post=3424"}],"version-history":[{"count":7,"href":"https:\/\/lukac.legal\/en\/wp-json\/wp\/v2\/pages\/3424\/revisions"}],"predecessor-version":[{"id":3578,"href":"https:\/\/lukac.legal\/en\/wp-json\/wp\/v2\/pages\/3424\/revisions\/3578"}],"wp:attachment":[{"href":"https:\/\/lukac.legal\/en\/wp-json\/wp\/v2\/media?parent=3424"}],"curies":[{"name":"wp","href":"https:\/\/api.w.org\/{rel}","templated":true}]}}