{"id":3821,"date":"2025-01-27T16:56:13","date_gmt":"2025-01-27T15:56:13","guid":{"rendered":"https:\/\/lukac.legal\/services\/ongoing-legal-support\/"},"modified":"2025-01-27T17:15:02","modified_gmt":"2025-01-27T16:15:02","slug":"legal-services-for-e-shops","status":"publish","type":"page","link":"https:\/\/lukac.legal\/en\/services\/legal-services-for-e-shops\/","title":{"rendered":"Legal Services for E-shops"},"content":{"rendered":"\t\t<div data-elementor-type=\"wp-page\" data-elementor-id=\"3821\" class=\"elementor elementor-3821 elementor-3802\">\n\t\t\t\t\t\t<section class=\"elementor-section elementor-top-section elementor-element elementor-element-493ff7b elementor-section-boxed elementor-section-height-default elementor-section-height-default\" data-id=\"493ff7b\" data-element_type=\"section\" data-settings=\"{&quot;wdt_bg_image&quot;:{&quot;url&quot;:&quot;&quot;,&quot;id&quot;:&quot;&quot;,&quot;size&quot;:&quot;&quot;},&quot;wdt_bg_image_laptop&quot;:{&quot;url&quot;:&quot;&quot;,&quot;id&quot;:&quot;&quot;,&quot;size&quot;:&quot;&quot;},&quot;wdt_bg_image_tablet_extra&quot;:{&quot;url&quot;:&quot;&quot;,&quot;id&quot;:&quot;&quot;,&quot;size&quot;:&quot;&quot;},&quot;wdt_bg_image_tablet&quot;:{&quot;url&quot;:&quot;&quot;,&quot;id&quot;:&quot;&quot;,&quot;size&quot;:&quot;&quot;},&quot;wdt_bg_image_mobile_extra&quot;:{&quot;url&quot;:&quot;&quot;,&quot;id&quot;:&quot;&quot;,&quot;size&quot;:&quot;&quot;},&quot;wdt_bg_image_mobile&quot;:{&quot;url&quot;:&quot;&quot;,&quot;id&quot;:&quot;&quot;,&quot;size&quot;:&quot;&quot;},&quot;wdt_bg_position&quot;:&quot;center center&quot;,&quot;wdt_animation_effect&quot;:&quot;none&quot;}\">\n\t\t\t\t\t\t<div class=\"elementor-container elementor-column-gap-no\">\n\t\t\t\t\t<div class=\"elementor-column elementor-col-100 elementor-top-column elementor-element elementor-element-d9380ed elementor-invisible\" data-id=\"d9380ed\" data-element_type=\"column\" data-settings=\"{&quot;animation&quot;:&quot;fadeInLeft&quot;}\">\n\t\t\t<div class=\"elementor-widget-wrap elementor-element-populated\">\n\t\t\t\t\t\t<section class=\"elementor-section elementor-inner-section elementor-element elementor-element-9fe3d9b elementor-section-full_width elementor-section-height-default elementor-section-height-default\" data-id=\"9fe3d9b\" data-element_type=\"section\" data-settings=\"{&quot;wdt_bg_image&quot;:{&quot;url&quot;:&quot;&quot;,&quot;id&quot;:&quot;&quot;,&quot;size&quot;:&quot;&quot;},&quot;wdt_bg_image_laptop&quot;:{&quot;url&quot;:&quot;&quot;,&quot;id&quot;:&quot;&quot;,&quot;size&quot;:&quot;&quot;},&quot;wdt_bg_image_tablet_extra&quot;:{&quot;url&quot;:&quot;&quot;,&quot;id&quot;:&quot;&quot;,&quot;size&quot;:&quot;&quot;},&quot;wdt_bg_image_tablet&quot;:{&quot;url&quot;:&quot;&quot;,&quot;id&quot;:&quot;&quot;,&quot;size&quot;:&quot;&quot;},&quot;wdt_bg_image_mobile_extra&quot;:{&quot;url&quot;:&quot;&quot;,&quot;id&quot;:&quot;&quot;,&quot;size&quot;:&quot;&quot;},&quot;wdt_bg_image_mobile&quot;:{&quot;url&quot;:&quot;&quot;,&quot;id&quot;:&quot;&quot;,&quot;size&quot;:&quot;&quot;},&quot;wdt_bg_position&quot;:&quot;center center&quot;,&quot;wdt_animation_effect&quot;:&quot;none&quot;}\">\n\t\t\t\t\t\t<div class=\"elementor-container elementor-column-gap-no\">\n\t\t\t\t\t<div class=\"elementor-column elementor-col-100 elementor-inner-column elementor-element elementor-element-e4c209c\" data-id=\"e4c209c\" data-element_type=\"column\" data-settings=\"{&quot;background_background&quot;:&quot;classic&quot;}\">\n\t\t\t<div class=\"elementor-widget-wrap elementor-element-populated\">\n\t\t\t\t\t\t<div class=\"elementor-element elementor-element-42f3684 elementor-widget elementor-widget-spacer\" data-id=\"42f3684\" data-element_type=\"widget\" data-settings=\"{&quot;wdt_animation_effect&quot;:&quot;none&quot;}\" data-widget_type=\"spacer.default\">\n\t\t\t\t<div class=\"elementor-widget-container\">\n\t\t\t\t\t\t\t<div class=\"elementor-spacer\">\n\t\t\t<div class=\"elementor-spacer-inner\"><\/div>\n\t\t<\/div>\n\t\t\t\t\t\t<\/div>\n\t\t\t\t<\/div>\n\t\t\t\t\t<\/div>\n\t\t<\/div>\n\t\t\t\t\t<\/div>\n\t\t<\/section>\n\t\t\t\t\t<\/div>\n\t\t<\/div>\n\t\t\t\t\t<\/div>\n\t\t<\/section>\n\t\t\t\t<section class=\"elementor-section elementor-top-section elementor-element elementor-element-7b4fe31 elementor-section-boxed elementor-section-height-default elementor-section-height-default\" data-id=\"7b4fe31\" data-element_type=\"section\" data-settings=\"{&quot;wdt_bg_image&quot;:{&quot;url&quot;:&quot;&quot;,&quot;id&quot;:&quot;&quot;,&quot;size&quot;:&quot;&quot;},&quot;wdt_bg_image_laptop&quot;:{&quot;url&quot;:&quot;&quot;,&quot;id&quot;:&quot;&quot;,&quot;size&quot;:&quot;&quot;},&quot;wdt_bg_image_tablet_extra&quot;:{&quot;url&quot;:&quot;&quot;,&quot;id&quot;:&quot;&quot;,&quot;size&quot;:&quot;&quot;},&quot;wdt_bg_image_tablet&quot;:{&quot;url&quot;:&quot;&quot;,&quot;id&quot;:&quot;&quot;,&quot;size&quot;:&quot;&quot;},&quot;wdt_bg_image_mobile_extra&quot;:{&quot;url&quot;:&quot;&quot;,&quot;id&quot;:&quot;&quot;,&quot;size&quot;:&quot;&quot;},&quot;wdt_bg_image_mobile&quot;:{&quot;url&quot;:&quot;&quot;,&quot;id&quot;:&quot;&quot;,&quot;size&quot;:&quot;&quot;},&quot;wdt_bg_position&quot;:&quot;center center&quot;,&quot;wdt_animation_effect&quot;:&quot;none&quot;}\">\n\t\t\t\t\t\t<div class=\"elementor-container elementor-column-gap-default\">\n\t\t\t\t\t<div class=\"elementor-column elementor-col-100 elementor-top-column elementor-element elementor-element-785214e\" data-id=\"785214e\" data-element_type=\"column\">\n\t\t\t<div class=\"elementor-widget-wrap elementor-element-populated\">\n\t\t\t\t\t\t<section class=\"elementor-section elementor-inner-section elementor-element elementor-element-28edbc5 elementor-section-full_width elementor-section-height-default elementor-section-height-default\" data-id=\"28edbc5\" data-element_type=\"section\" data-settings=\"{&quot;wdt_bg_image&quot;:{&quot;url&quot;:&quot;&quot;,&quot;id&quot;:&quot;&quot;,&quot;size&quot;:&quot;&quot;},&quot;wdt_bg_image_laptop&quot;:{&quot;url&quot;:&quot;&quot;,&quot;id&quot;:&quot;&quot;,&quot;size&quot;:&quot;&quot;},&quot;wdt_bg_image_tablet_extra&quot;:{&quot;url&quot;:&quot;&quot;,&quot;id&quot;:&quot;&quot;,&quot;size&quot;:&quot;&quot;},&quot;wdt_bg_image_tablet&quot;:{&quot;url&quot;:&quot;&quot;,&quot;id&quot;:&quot;&quot;,&quot;size&quot;:&quot;&quot;},&quot;wdt_bg_image_mobile_extra&quot;:{&quot;url&quot;:&quot;&quot;,&quot;id&quot;:&quot;&quot;,&quot;size&quot;:&quot;&quot;},&quot;wdt_bg_image_mobile&quot;:{&quot;url&quot;:&quot;&quot;,&quot;id&quot;:&quot;&quot;,&quot;size&quot;:&quot;&quot;},&quot;wdt_bg_position&quot;:&quot;center center&quot;,&quot;wdt_animation_effect&quot;:&quot;none&quot;}\">\n\t\t\t\t\t\t<div class=\"elementor-container elementor-column-gap-no\">\n\t\t\t\t\t<div class=\"elementor-column elementor-col-100 elementor-inner-column elementor-element elementor-element-a0220fe\" data-id=\"a0220fe\" data-element_type=\"column\">\n\t\t\t<div class=\"elementor-widget-wrap elementor-element-populated\">\n\t\t\t\t\t\t<div class=\"elementor-element elementor-element-342f8d7 elementor-widget__width-initial elementor-widget elementor-widget-wdt-heading\" data-id=\"342f8d7\" data-element_type=\"widget\" data-settings=\"{&quot;split_heading&quot;:&quot;true&quot;,&quot;wdt_enable_inview_status&quot;:&quot;true&quot;,&quot;wdt_animation_effect&quot;:&quot;none&quot;}\" data-widget_type=\"wdt-heading.default\">\n\t\t\t\t<div class=\"elementor-widget-container\">\n\t\t\t\t\t<div class=\"wdt-heading-holder \" id=\"wdt-heading-342f8d7\"><h2 class=\"wdt-heading-title-wrapper wdt-heading-align- wdt-heading-deco-wrapper\"><span class=\"wdt-heading-title\">Legal Services for E-shops<\/span><\/h2><\/div>\t\t\t\t<\/div>\n\t\t\t\t<\/div>\n\t\t\t\t\t<\/div>\n\t\t<\/div>\n\t\t\t\t\t<\/div>\n\t\t<\/section>\n\t\t\t\t<div class=\"elementor-element elementor-element-a926287 elementor-widget__width-initial elementor-widget elementor-widget-text-editor\" data-id=\"a926287\" data-element_type=\"widget\" data-settings=\"{&quot;wdt_animation_effect&quot;:&quot;none&quot;}\" data-widget_type=\"text-editor.default\">\n\t\t\t\t<div class=\"elementor-widget-container\">\n\t\t\t\t\t\t\t\t\t<p>Running an e-shop requires compliance with numerous legal requirements. I offer services focused on drafting legal documents, conducting legal audits, and supporting your business to ensure your e-shop operates in line with legislation and builds customer trust.<\/p>\t\t\t\t\t\t\t\t<\/div>\n\t\t\t\t<\/div>\n\t\t\t\t<section class=\"elementor-section elementor-inner-section elementor-element elementor-element-5d81df8 elementor-section-full_width elementor-section-height-default elementor-section-height-default\" data-id=\"5d81df8\" data-element_type=\"section\" data-settings=\"{&quot;wdt_bg_image&quot;:{&quot;url&quot;:&quot;&quot;,&quot;id&quot;:&quot;&quot;,&quot;size&quot;:&quot;&quot;},&quot;wdt_bg_image_laptop&quot;:{&quot;url&quot;:&quot;&quot;,&quot;id&quot;:&quot;&quot;,&quot;size&quot;:&quot;&quot;},&quot;wdt_bg_image_tablet_extra&quot;:{&quot;url&quot;:&quot;&quot;,&quot;id&quot;:&quot;&quot;,&quot;size&quot;:&quot;&quot;},&quot;wdt_bg_image_tablet&quot;:{&quot;url&quot;:&quot;&quot;,&quot;id&quot;:&quot;&quot;,&quot;size&quot;:&quot;&quot;},&quot;wdt_bg_image_mobile_extra&quot;:{&quot;url&quot;:&quot;&quot;,&quot;id&quot;:&quot;&quot;,&quot;size&quot;:&quot;&quot;},&quot;wdt_bg_image_mobile&quot;:{&quot;url&quot;:&quot;&quot;,&quot;id&quot;:&quot;&quot;,&quot;size&quot;:&quot;&quot;},&quot;wdt_bg_position&quot;:&quot;center center&quot;,&quot;wdt_animation_effect&quot;:&quot;none&quot;}\">\n\t\t\t\t\t\t<div class=\"elementor-container elementor-column-gap-no\">\n\t\t\t\t\t<div class=\"elementor-column elementor-col-100 elementor-inner-column elementor-element elementor-element-4dda4d7\" data-id=\"4dda4d7\" data-element_type=\"column\">\n\t\t\t<div class=\"elementor-widget-wrap elementor-element-populated\">\n\t\t\t\t\t\t<div class=\"elementor-element elementor-element-7b4f54d elementor-widget__width-initial elementor-widget elementor-widget-wdt-heading\" data-id=\"7b4f54d\" data-element_type=\"widget\" data-settings=\"{&quot;split_heading&quot;:&quot;true&quot;,&quot;wdt_enable_inview_status&quot;:&quot;true&quot;,&quot;wdt_animation_effect&quot;:&quot;none&quot;}\" data-widget_type=\"wdt-heading.default\">\n\t\t\t\t<div class=\"elementor-widget-container\">\n\t\t\t\t\t<div class=\"wdt-heading-holder \" id=\"wdt-heading-7b4f54d\"><h4 class=\"wdt-heading-title-wrapper wdt-heading-align- wdt-heading-deco-wrapper\"><span class=\"wdt-heading-title\">Our key areas of expertise include:<\/span><\/h4><\/div>\t\t\t\t<\/div>\n\t\t\t\t<\/div>\n\t\t\t\t\t<\/div>\n\t\t<\/div>\n\t\t\t\t\t<\/div>\n\t\t<\/section>\n\t\t\t\t<section class=\"elementor-section elementor-inner-section elementor-element elementor-element-10e53ba elementor-section-full_width elementor-section-height-default elementor-section-height-default\" data-id=\"10e53ba\" data-element_type=\"section\" data-settings=\"{&quot;wdt_bg_image&quot;:{&quot;url&quot;:&quot;&quot;,&quot;id&quot;:&quot;&quot;,&quot;size&quot;:&quot;&quot;},&quot;wdt_bg_image_laptop&quot;:{&quot;url&quot;:&quot;&quot;,&quot;id&quot;:&quot;&quot;,&quot;size&quot;:&quot;&quot;},&quot;wdt_bg_image_tablet_extra&quot;:{&quot;url&quot;:&quot;&quot;,&quot;id&quot;:&quot;&quot;,&quot;size&quot;:&quot;&quot;},&quot;wdt_bg_image_tablet&quot;:{&quot;url&quot;:&quot;&quot;,&quot;id&quot;:&quot;&quot;,&quot;size&quot;:&quot;&quot;},&quot;wdt_bg_image_mobile_extra&quot;:{&quot;url&quot;:&quot;&quot;,&quot;id&quot;:&quot;&quot;,&quot;size&quot;:&quot;&quot;},&quot;wdt_bg_image_mobile&quot;:{&quot;url&quot;:&quot;&quot;,&quot;id&quot;:&quot;&quot;,&quot;size&quot;:&quot;&quot;},&quot;wdt_bg_position&quot;:&quot;center center&quot;,&quot;wdt_animation_effect&quot;:&quot;none&quot;}\">\n\t\t\t\t\t\t<div class=\"elementor-container elementor-column-gap-no\">\n\t\t\t\t\t<div class=\"elementor-column elementor-col-50 elementor-inner-column elementor-element elementor-element-a08920b\" data-id=\"a08920b\" data-element_type=\"column\">\n\t\t\t<div class=\"elementor-widget-wrap elementor-element-populated\">\n\t\t\t\t\t\t<div class=\"elementor-element elementor-element-a7271e2 elementor-icon-list--layout-traditional elementor-list-item-link-full_width elementor-widget elementor-widget-icon-list\" data-id=\"a7271e2\" data-element_type=\"widget\" data-settings=\"{&quot;wdt_animation_effect&quot;:&quot;none&quot;}\" data-widget_type=\"icon-list.default\">\n\t\t\t\t<div class=\"elementor-widget-container\">\n\t\t\t\t\t\t\t<ul class=\"elementor-icon-list-items\">\n\t\t\t\t\t\t\t<li class=\"elementor-icon-list-item\">\n\t\t\t\t\t\t\t\t\t\t\t<span class=\"elementor-icon-list-icon\">\n\t\t\t\t\t\t\t\t\t\t\t\t\t<\/span>\n\t\t\t\t\t\t\t\t\t\t<span class=\"elementor-icon-list-text\">Legal audit and e-shop setup<\/span>\n\t\t\t\t\t\t\t\t\t<\/li>\n\t\t\t\t\t\t\t\t<li class=\"elementor-icon-list-item\">\n\t\t\t\t\t\t\t\t\t\t\t<span class=\"elementor-icon-list-icon\">\n\t\t\t\t\t\t\t\t\t\t\t\t\t<\/span>\n\t\t\t\t\t\t\t\t\t\t<span class=\"elementor-icon-list-text\">Ongoing legal support<\/span>\n\t\t\t\t\t\t\t\t\t<\/li>\n\t\t\t\t\t\t<\/ul>\n\t\t\t\t\t\t<\/div>\n\t\t\t\t<\/div>\n\t\t\t\t\t<\/div>\n\t\t<\/div>\n\t\t\t\t<div class=\"elementor-column elementor-col-50 elementor-inner-column elementor-element elementor-element-e8986dc\" data-id=\"e8986dc\" data-element_type=\"column\">\n\t\t\t<div class=\"elementor-widget-wrap elementor-element-populated\">\n\t\t\t\t\t\t<div class=\"elementor-element elementor-element-3845c85 elementor-icon-list--layout-traditional elementor-list-item-link-full_width elementor-widget elementor-widget-icon-list\" data-id=\"3845c85\" data-element_type=\"widget\" data-settings=\"{&quot;wdt_animation_effect&quot;:&quot;none&quot;}\" data-widget_type=\"icon-list.default\">\n\t\t\t\t<div class=\"elementor-widget-container\">\n\t\t\t\t\t\t\t<ul class=\"elementor-icon-list-items\">\n\t\t\t\t\t\t\t<li class=\"elementor-icon-list-item\">\n\t\t\t\t\t\t\t\t\t\t\t<span class=\"elementor-icon-list-icon\">\n\t\t\t\t\t\t\t\t\t\t\t\t\t<\/span>\n\t\t\t\t\t\t\t\t\t\t<span class=\"elementor-icon-list-text\">Drafting essential documents such as General Terms and Conditions (GTC), Complaints Policy, Privacy Policy (GDPR), and Cookie Policy<\/span>\n\t\t\t\t\t\t\t\t\t<\/li>\n\t\t\t\t\t\t<\/ul>\n\t\t\t\t\t\t<\/div>\n\t\t\t\t<\/div>\n\t\t\t\t\t<\/div>\n\t\t<\/div>\n\t\t\t\t\t<\/div>\n\t\t<\/section>\n\t\t\t\t<div class=\"elementor-element elementor-element-ce5e9eb elementor-widget__width-initial elementor-widget elementor-widget-text-editor\" data-id=\"ce5e9eb\" data-element_type=\"widget\" data-settings=\"{&quot;wdt_animation_effect&quot;:&quot;none&quot;}\" data-widget_type=\"text-editor.default\">\n\t\t\t\t<div class=\"elementor-widget-container\">\n\t\t\t\t\t\t\t\t\t<p>Our law firm provides comprehensive services for e-shops, including preparing key documents like General Terms and Conditions (GTC), Complaints Policy, Privacy Policy (GDPR), and Cookie Policy. We conduct legal audits, review the purchasing process, trading terms, and ensure proper cookie consent settings. We provide recommendations for effective handling of complaints and contract withdrawals, protecting the operator&#8217;s interests while building customer trust. Additionally, we offer ongoing legal support, regular updates on legislative changes, assistance in dispute resolution, and trademark registration to strengthen your brand.<\/p>\t\t\t\t\t\t\t\t<\/div>\n\t\t\t\t<\/div>\n\t\t\t\t\t<\/div>\n\t\t<\/div>\n\t\t\t\t\t<\/div>\n\t\t<\/section>\n\t\t\t\t<\/div>\n\t\t","protected":false},"excerpt":{"rendered":"<p>Legal Services for E-shops Running an e-shop requires compliance with numerous legal requirements. I offer services focused on drafting legal documents, conducting legal audits, and supporting your business to ensure your e-shop operates in line with legislation and builds customer trust. Our key areas of expertise include: Legal audit and e-shop setup Ongoing legal support [&hellip;]<\/p>\n","protected":false},"author":2,"featured_media":0,"parent":3442,"menu_order":0,"comment_status":"closed","ping_status":"closed","template":"elementor_header_footer","meta":{"footnotes":""},"class_list":["post-3821","page","type-page","status-publish","hentry"],"yoast_head":"<!-- This site is optimized with the Yoast SEO plugin v23.2 - https:\/\/yoast.com\/wordpress\/plugins\/seo\/ -->\n<title>Legal Services for E-shops - LUKAC LL LEGAL s.r.o.<\/title>\n<meta name=\"description\" content=\"Inovat\u00edvne pr\u00e1vne poradenstvo pon\u00faka modern\u00fd pr\u00edstup k rie\u0161eniu pr\u00e1vnych ot\u00e1zok. Na\u0161e slu\u017eby kombinuj\u00fa \u0161pi\u010dkov\u00e9 pr\u00e1vne znalosti s najnov\u0161\u00edmi technol\u00f3giami, \u010d\u00edm zabezpe\u010dujeme r\u00fdchle, efekt\u00edvne a klientsky orientovan\u00e9 rie\u0161enia. Sme tu na to, aby sme v\u00e1m pomohli navigova\u0165 zlo\u017eitos\u0165ou pr\u00e1va s d\u00f4razom na inov\u00e1cie a praktick\u00e9 v\u00fdsledky.\" \/>\n<meta name=\"robots\" content=\"index, follow, max-snippet:-1, max-image-preview:large, max-video-preview:-1\" \/>\n<link rel=\"canonical\" href=\"https:\/\/lukac.legal\/en\/services\/legal-services-for-e-shops\/\" \/>\n<meta property=\"og:locale\" content=\"en_US\" \/>\n<meta property=\"og:type\" content=\"article\" \/>\n<meta property=\"og:title\" content=\"Legal Services for E-shops - LUKAC LL LEGAL s.r.o.\" \/>\n<meta property=\"og:description\" content=\"Inovat\u00edvne pr\u00e1vne poradenstvo pon\u00faka modern\u00fd pr\u00edstup k rie\u0161eniu pr\u00e1vnych ot\u00e1zok. Na\u0161e slu\u017eby kombinuj\u00fa \u0161pi\u010dkov\u00e9 pr\u00e1vne znalosti s najnov\u0161\u00edmi technol\u00f3giami, \u010d\u00edm zabezpe\u010dujeme r\u00fdchle, efekt\u00edvne a klientsky orientovan\u00e9 rie\u0161enia. Sme tu na to, aby sme v\u00e1m pomohli navigova\u0165 zlo\u017eitos\u0165ou pr\u00e1va s d\u00f4razom na inov\u00e1cie a praktick\u00e9 v\u00fdsledky.\" \/>\n<meta property=\"og:url\" content=\"https:\/\/lukac.legal\/en\/services\/legal-services-for-e-shops\/\" \/>\n<meta property=\"og:site_name\" content=\"LUKAC LL LEGAL s.r.o.\" \/>\n<meta property=\"article:modified_time\" content=\"2025-01-27T16:15:02+00:00\" \/>\n<meta property=\"og:image\" content=\"https:\/\/lukac.legal\/wp-content\/uploads\/2024\/07\/obr-8.png\" \/>\n\t<meta property=\"og:image:width\" content=\"700\" \/>\n\t<meta property=\"og:image:height\" content=\"336\" \/>\n\t<meta property=\"og:image:type\" content=\"image\/png\" \/>\n<meta name=\"twitter:card\" content=\"summary_large_image\" \/>\n<meta name=\"twitter:label1\" content=\"Est. reading time\" \/>\n\t<meta name=\"twitter:data1\" content=\"1 minute\" \/>\n<script type=\"application\/ld+json\" class=\"yoast-schema-graph\">{\"@context\":\"https:\/\/schema.org\",\"@graph\":[{\"@type\":\"WebPage\",\"@id\":\"https:\/\/lukac.legal\/en\/services\/legal-services-for-e-shops\/\",\"url\":\"https:\/\/lukac.legal\/en\/services\/legal-services-for-e-shops\/\",\"name\":\"Legal Services for E-shops - LUKAC LL LEGAL s.r.o.\",\"isPartOf\":{\"@id\":\"https:\/\/lukac.legal\/en\/#website\"},\"datePublished\":\"2025-01-27T15:56:13+00:00\",\"dateModified\":\"2025-01-27T16:15:02+00:00\",\"description\":\"Inovat\u00edvne pr\u00e1vne poradenstvo pon\u00faka modern\u00fd pr\u00edstup k rie\u0161eniu pr\u00e1vnych ot\u00e1zok. Na\u0161e slu\u017eby kombinuj\u00fa \u0161pi\u010dkov\u00e9 pr\u00e1vne znalosti s najnov\u0161\u00edmi technol\u00f3giami, \u010d\u00edm zabezpe\u010dujeme r\u00fdchle, efekt\u00edvne a klientsky orientovan\u00e9 rie\u0161enia. Sme tu na to, aby sme v\u00e1m pomohli navigova\u0165 zlo\u017eitos\u0165ou pr\u00e1va s d\u00f4razom na inov\u00e1cie a praktick\u00e9 v\u00fdsledky.\",\"breadcrumb\":{\"@id\":\"https:\/\/lukac.legal\/en\/services\/legal-services-for-e-shops\/#breadcrumb\"},\"inLanguage\":\"en-US\",\"potentialAction\":[{\"@type\":\"ReadAction\",\"target\":[\"https:\/\/lukac.legal\/en\/services\/legal-services-for-e-shops\/\"]}]},{\"@type\":\"BreadcrumbList\",\"@id\":\"https:\/\/lukac.legal\/en\/services\/legal-services-for-e-shops\/#breadcrumb\",\"itemListElement\":[{\"@type\":\"ListItem\",\"position\":1,\"name\":\"Domovsk\u00e1 str\u00e1nka\",\"item\":\"https:\/\/lukac.legal\/en\/\"},{\"@type\":\"ListItem\",\"position\":2,\"name\":\"Services\",\"item\":\"https:\/\/lukac.legal\/en\/services\/\"},{\"@type\":\"ListItem\",\"position\":3,\"name\":\"Legal Services for E-shops\"}]},{\"@type\":\"WebSite\",\"@id\":\"https:\/\/lukac.legal\/en\/#website\",\"url\":\"https:\/\/lukac.legal\/en\/\",\"name\":\"lukac.legal\",\"description\":\"Advok\u00e1tska kancel\u00e1ria poskytuj\u00faca pr\u00e1vnick\u00e9 slu\u017eby pre klientov v r\u00f4znych oblastiach pr\u00e1va.\",\"publisher\":{\"@id\":\"https:\/\/lukac.legal\/en\/#organization\"},\"alternateName\":\"LUKAC | LL | LEGAL, s.r.o.\",\"potentialAction\":[{\"@type\":\"SearchAction\",\"target\":{\"@type\":\"EntryPoint\",\"urlTemplate\":\"https:\/\/lukac.legal\/en\/?s={search_term_string}\"},\"query-input\":\"required name=search_term_string\"}],\"inLanguage\":\"en-US\"},{\"@type\":\"Organization\",\"@id\":\"https:\/\/lukac.legal\/en\/#organization\",\"name\":\"LUKAC | LL | LEGAL, s.r.o.\",\"url\":\"https:\/\/lukac.legal\/en\/\",\"logo\":{\"@type\":\"ImageObject\",\"inLanguage\":\"en-US\",\"@id\":\"https:\/\/lukac.legal\/en\/#\/schema\/logo\/image\/\",\"url\":\"https:\/\/lukac.legal\/wp-content\/uploads\/2023\/08\/zlate-logo.png\",\"contentUrl\":\"https:\/\/lukac.legal\/wp-content\/uploads\/2023\/08\/zlate-logo.png\",\"width\":1975,\"height\":267,\"caption\":\"LUKAC | LL | LEGAL, s.r.o.\"},\"image\":{\"@id\":\"https:\/\/lukac.legal\/en\/#\/schema\/logo\/image\/\"},\"sameAs\":[\"http:\/\/www.linkedin.com\/in\/martin-lukac-attorney\"]}]}<\/script>\n<!-- \/ Yoast SEO plugin. -->","yoast_head_json":{"title":"Legal Services for E-shops - LUKAC LL LEGAL s.r.o.","description":"Inovat\u00edvne pr\u00e1vne poradenstvo pon\u00faka modern\u00fd pr\u00edstup k rie\u0161eniu pr\u00e1vnych ot\u00e1zok. Na\u0161e slu\u017eby kombinuj\u00fa \u0161pi\u010dkov\u00e9 pr\u00e1vne znalosti s najnov\u0161\u00edmi technol\u00f3giami, \u010d\u00edm zabezpe\u010dujeme r\u00fdchle, efekt\u00edvne a klientsky orientovan\u00e9 rie\u0161enia. Sme tu na to, aby sme v\u00e1m pomohli navigova\u0165 zlo\u017eitos\u0165ou pr\u00e1va s d\u00f4razom na inov\u00e1cie a praktick\u00e9 v\u00fdsledky.","robots":{"index":"index","follow":"follow","max-snippet":"max-snippet:-1","max-image-preview":"max-image-preview:large","max-video-preview":"max-video-preview:-1"},"canonical":"https:\/\/lukac.legal\/en\/services\/legal-services-for-e-shops\/","og_locale":"en_US","og_type":"article","og_title":"Legal Services for E-shops - LUKAC LL LEGAL s.r.o.","og_description":"Inovat\u00edvne pr\u00e1vne poradenstvo pon\u00faka modern\u00fd pr\u00edstup k rie\u0161eniu pr\u00e1vnych ot\u00e1zok. Na\u0161e slu\u017eby kombinuj\u00fa \u0161pi\u010dkov\u00e9 pr\u00e1vne znalosti s najnov\u0161\u00edmi technol\u00f3giami, \u010d\u00edm zabezpe\u010dujeme r\u00fdchle, efekt\u00edvne a klientsky orientovan\u00e9 rie\u0161enia. Sme tu na to, aby sme v\u00e1m pomohli navigova\u0165 zlo\u017eitos\u0165ou pr\u00e1va s d\u00f4razom na inov\u00e1cie a praktick\u00e9 v\u00fdsledky.","og_url":"https:\/\/lukac.legal\/en\/services\/legal-services-for-e-shops\/","og_site_name":"LUKAC LL LEGAL s.r.o.","article_modified_time":"2025-01-27T16:15:02+00:00","og_image":[{"width":700,"height":336,"url":"https:\/\/lukac.legal\/wp-content\/uploads\/2024\/07\/obr-8.png","type":"image\/png"}],"twitter_card":"summary_large_image","twitter_misc":{"Est. reading time":"1 minute"},"schema":{"@context":"https:\/\/schema.org","@graph":[{"@type":"WebPage","@id":"https:\/\/lukac.legal\/en\/services\/legal-services-for-e-shops\/","url":"https:\/\/lukac.legal\/en\/services\/legal-services-for-e-shops\/","name":"Legal Services for E-shops - LUKAC LL LEGAL s.r.o.","isPartOf":{"@id":"https:\/\/lukac.legal\/en\/#website"},"datePublished":"2025-01-27T15:56:13+00:00","dateModified":"2025-01-27T16:15:02+00:00","description":"Inovat\u00edvne pr\u00e1vne poradenstvo pon\u00faka modern\u00fd pr\u00edstup k rie\u0161eniu pr\u00e1vnych ot\u00e1zok. Na\u0161e slu\u017eby kombinuj\u00fa \u0161pi\u010dkov\u00e9 pr\u00e1vne znalosti s najnov\u0161\u00edmi technol\u00f3giami, \u010d\u00edm zabezpe\u010dujeme r\u00fdchle, efekt\u00edvne a klientsky orientovan\u00e9 rie\u0161enia. Sme tu na to, aby sme v\u00e1m pomohli navigova\u0165 zlo\u017eitos\u0165ou pr\u00e1va s d\u00f4razom na inov\u00e1cie a praktick\u00e9 v\u00fdsledky.","breadcrumb":{"@id":"https:\/\/lukac.legal\/en\/services\/legal-services-for-e-shops\/#breadcrumb"},"inLanguage":"en-US","potentialAction":[{"@type":"ReadAction","target":["https:\/\/lukac.legal\/en\/services\/legal-services-for-e-shops\/"]}]},{"@type":"BreadcrumbList","@id":"https:\/\/lukac.legal\/en\/services\/legal-services-for-e-shops\/#breadcrumb","itemListElement":[{"@type":"ListItem","position":1,"name":"Domovsk\u00e1 str\u00e1nka","item":"https:\/\/lukac.legal\/en\/"},{"@type":"ListItem","position":2,"name":"Services","item":"https:\/\/lukac.legal\/en\/services\/"},{"@type":"ListItem","position":3,"name":"Legal Services for E-shops"}]},{"@type":"WebSite","@id":"https:\/\/lukac.legal\/en\/#website","url":"https:\/\/lukac.legal\/en\/","name":"lukac.legal","description":"Advok\u00e1tska kancel\u00e1ria poskytuj\u00faca pr\u00e1vnick\u00e9 slu\u017eby pre klientov v r\u00f4znych oblastiach pr\u00e1va.","publisher":{"@id":"https:\/\/lukac.legal\/en\/#organization"},"alternateName":"LUKAC | LL | LEGAL, s.r.o.","potentialAction":[{"@type":"SearchAction","target":{"@type":"EntryPoint","urlTemplate":"https:\/\/lukac.legal\/en\/?s={search_term_string}"},"query-input":"required name=search_term_string"}],"inLanguage":"en-US"},{"@type":"Organization","@id":"https:\/\/lukac.legal\/en\/#organization","name":"LUKAC | LL | LEGAL, s.r.o.","url":"https:\/\/lukac.legal\/en\/","logo":{"@type":"ImageObject","inLanguage":"en-US","@id":"https:\/\/lukac.legal\/en\/#\/schema\/logo\/image\/","url":"https:\/\/lukac.legal\/wp-content\/uploads\/2023\/08\/zlate-logo.png","contentUrl":"https:\/\/lukac.legal\/wp-content\/uploads\/2023\/08\/zlate-logo.png","width":1975,"height":267,"caption":"LUKAC | LL | LEGAL, s.r.o."},"image":{"@id":"https:\/\/lukac.legal\/en\/#\/schema\/logo\/image\/"},"sameAs":["http:\/\/www.linkedin.com\/in\/martin-lukac-attorney"]}]}},"_links":{"self":[{"href":"https:\/\/lukac.legal\/en\/wp-json\/wp\/v2\/pages\/3821","targetHints":{"allow":["GET"]}}],"collection":[{"href":"https:\/\/lukac.legal\/en\/wp-json\/wp\/v2\/pages"}],"about":[{"href":"https:\/\/lukac.legal\/en\/wp-json\/wp\/v2\/types\/page"}],"author":[{"embeddable":true,"href":"https:\/\/lukac.legal\/en\/wp-json\/wp\/v2\/users\/2"}],"replies":[{"embeddable":true,"href":"https:\/\/lukac.legal\/en\/wp-json\/wp\/v2\/comments?post=3821"}],"version-history":[{"count":17,"href":"https:\/\/lukac.legal\/en\/wp-json\/wp\/v2\/pages\/3821\/revisions"}],"predecessor-version":[{"id":3841,"href":"https:\/\/lukac.legal\/en\/wp-json\/wp\/v2\/pages\/3821\/revisions\/3841"}],"up":[{"embeddable":true,"href":"https:\/\/lukac.legal\/en\/wp-json\/wp\/v2\/pages\/3442"}],"wp:attachment":[{"href":"https:\/\/lukac.legal\/en\/wp-json\/wp\/v2\/media?parent=3821"}],"curies":[{"name":"wp","href":"https:\/\/api.w.org\/{rel}","templated":true}]}}